{"id":206,"date":"2019-12-14T18:52:25","date_gmt":"2019-12-14T17:52:25","guid":{"rendered":"http:\/\/domainedepoudos.fr\/?page_id=206"},"modified":"2023-03-07T18:55:28","modified_gmt":"2023-03-07T17:55:28","slug":"table-dhote","status":"publish","type":"page","link":"https:\/\/domainedepoudos.fr\/?page_id=206","title":{"rendered":"Table d&rsquo;h\u00f4te"},"content":{"rendered":"<table style=\"height: 431px;\" border=\"0\" width=\"1462\" cellspacing=\"0\" cellpadding=\"0\">\n<tbody>\n<tr>\n<td colspan=\"2\" width=\"853\">\n<p class=\"namo-list\"><span style=\"font-family: Georgia;\"><span style=\"font-size: medium;\"><em>La veranda au petit d\u00e9jeuner&#8230; <img loading=\"lazy\" decoding=\"async\" class=\"alignright wp-image-123\" src=\"http:\/\/domainedepoudos.fr\/wp-content\/uploads\/2019\/12\/IMG_20191031_193345-300x144.jpg\" alt=\"Table d'H\u00f4tes\" width=\"524\" height=\"251\" \/><\/em>\u00a0<\/span><\/span><\/p>\n<\/td>\n<\/tr>\n<tr>\n<td width=\"144\"><\/td>\n<td width=\"708\">\n<p align=\"center\"><span style=\"font-family: Georgia;\">Les repas du soir sont pris ensemble dans la veranda ou en terrasse.<\/span><\/p>\n<\/td>\n<\/tr>\n<tr>\n<td colspan=\"2\" bgcolor=\"\">\n<p class=\"namo-list\" align=\"center\"><span style=\"font-family: Georgia;\">\u00a0\u00a0\u00a0\u00a0\u00a0\u00a0\u00a0\u00a0\u00a0\u00a0\u00a0\u00a0\u00a0\u00a0\u00a0\u00a0\u00a0\u00a0\u00a0\u00a0\u00a0\u00a0\u00a0\u00a0\u00a0\u00a0\u00a0\u00a0\u00a0\u00a0\u00a0\u00a0\u00a0S<\/span><span style=\"font-family: Georgia;\">ur r\u00e9servation, pr\u00e9par\u00e9s avec amour, l\u00e9gumes et fruits du potager<\/span>.<\/p>\n<\/td>\n<\/tr>\n<tr>\n<td width=\"144\"><\/td>\n<td align=\"center\" bgcolor=\"\">\n<pre><span style=\"font-size: x-large;\"><span style=\"font-size: xx-large;\"><span style=\"font-family: Georgia;\">Repas 30 \u20ac par personne. \u00a0\u00a0\u00a0\u00a0Enfant moins de 10 ans 15 \u20ac<\/span><\/span><\/span><\/pre>\n<hr \/>\n<p><b><\/b><span style=\"font-family: Georgia;\">Au petit d\u00e9jeuner vous trouverez des produits \u00ab\u00a0maison\u00a0\u00bb confiture, pain, gateau, \u00a0yaouth&#8230;&#8230;&#8230;<\/span><\/td>\n<\/tr>\n<\/tbody>\n<\/table>\n<p>&nbsp;<\/p>\n","protected":false},"excerpt":{"rendered":"<p>La veranda au petit d\u00e9jeuner&#8230; \u00a0 Les repas du soir sont pris ensemble dans la veranda ou en terrasse. \u00a0\u00a0\u00a0\u00a0\u00a0\u00a0\u00a0\u00a0\u00a0\u00a0\u00a0\u00a0\u00a0\u00a0\u00a0\u00a0\u00a0\u00a0\u00a0\u00a0\u00a0\u00a0\u00a0\u00a0\u00a0\u00a0\u00a0\u00a0\u00a0\u00a0\u00a0\u00a0\u00a0Sur r\u00e9servation, pr\u00e9par\u00e9s avec amour, l\u00e9gumes et fruits du potager. Repas 30 \u20ac par personne. \u00a0\u00a0\u00a0\u00a0Enfant moins de 10 ans 15 \u20ac Au petit d\u00e9jeuner vous trouverez des produits \u00ab\u00a0maison\u00a0\u00bb confiture, pain, gateau, \u00a0yaouth&#8230;&#8230;&#8230; &nbsp;<\/p>\n","protected":false},"author":1,"featured_media":0,"parent":0,"menu_order":0,"comment_status":"closed","ping_status":"closed","template":"","meta":{"_et_pb_use_builder":"","_et_pb_old_content":"","_et_gb_content_width":"","footnotes":""},"class_list":["post-206","page","type-page","status-publish","hentry"],"_links":{"self":[{"href":"https:\/\/domainedepoudos.fr\/index.php?rest_route=\/wp\/v2\/pages\/206","targetHints":{"allow":["GET"]}}],"collection":[{"href":"https:\/\/domainedepoudos.fr\/index.php?rest_route=\/wp\/v2\/pages"}],"about":[{"href":"https:\/\/domainedepoudos.fr\/index.php?rest_route=\/wp\/v2\/types\/page"}],"author":[{"embeddable":true,"href":"https:\/\/domainedepoudos.fr\/index.php?rest_route=\/wp\/v2\/users\/1"}],"replies":[{"embeddable":true,"href":"https:\/\/domainedepoudos.fr\/index.php?rest_route=%2Fwp%2Fv2%2Fcomments&post=206"}],"version-history":[{"count":10,"href":"https:\/\/domainedepoudos.fr\/index.php?rest_route=\/wp\/v2\/pages\/206\/revisions"}],"predecessor-version":[{"id":450,"href":"https:\/\/domainedepoudos.fr\/index.php?rest_route=\/wp\/v2\/pages\/206\/revisions\/450"}],"wp:attachment":[{"href":"https:\/\/domainedepoudos.fr\/index.php?rest_route=%2Fwp%2Fv2%2Fmedia&parent=206"}],"curies":[{"name":"wp","href":"https:\/\/api.w.org\/{rel}","templated":true}]}}