{"id":213,"date":"2019-12-14T18:52:25","date_gmt":"2019-12-14T17:52:25","guid":{"rendered":"http:\/\/domainedepoudos.fr\/?page_id=213"},"modified":"2020-03-07T19:45:41","modified_gmt":"2020-03-07T18:45:41","slug":"infos-pratiques","status":"publish","type":"page","link":"https:\/\/domainedepoudos.fr\/?page_id=213","title":{"rendered":"Infos pratiques"},"content":{"rendered":"<h2 style=\"font-weight: 400;\"><strong>Services &amp; Loisirs \u00e0 proximit\u00e9<\/strong><\/h2>\n<h6 style=\"font-weight: 400;\">Tous commerces\u00a03 Km<\/h6>\n<h6 style=\"font-weight: 400;\">Gare SNCF 8 Km<\/h6>\n<p style=\"font-weight: 400;\">A\u00e9roport Toulouse 80 Km<\/p>\n<p style=\"font-weight: 400;\">Tennis, \u00e9quitation, golf, p\u00eache, randonn\u00e9es p\u00e9destres et VTT<\/p>\n<h2 style=\"font-weight: 400;\"><strong>A\u00a0d\u00e9couvrir\u00a0<\/strong><strong>\u00a0\u00a0<\/strong><\/h2>\n<p style=\"font-weight: 400;\">Les bastides, les Ch\u00e2teaux et monast\u00e8res du Gers<\/p>\n<p style=\"font-weight: 400;\">La ville d&rsquo;AUCH ancienne capitale de\u00a0la Gascogne<\/p>\n<p style=\"font-weight: 400;\">Un peu plus loin les Hautes Pyr\u00e9n\u00e9es, Lourdes, Cauterets, Luchon&#8230;&#8230;<\/p>\n<h2>Acc\u00e8s<\/h2>\n<p style=\"font-weight: 400;\">Passer par la ville d&rsquo;Auch pour un acc\u00e8s plus rapide<\/p>\n<p style=\"font-weight: 400;\">Depuis Toulouse ou Montauban passer par Auch<\/p>\n<p style=\"font-weight: 400;\">A Auch (32) prendre\u00a0la N21 vers Tarbes<\/p>\n<p style=\"font-weight: 400;\">A la sortie d&rsquo;Auch prendre la direction Pavie\/ Lannemezan<\/p>\n<p style=\"font-weight: 400;\">Traverser le village de Pavie faire\u00a03 Km\u00a0et rentrer dans le village d&rsquo;Auterrive.<\/p>\n<p style=\"font-weight: 400;\">Dans le village au niveau du caf\u00e9\/restaurant tourner \u00e0 gauche. Suivre la fl\u00e8che \u00ab\u00a0Chambres d&rsquo;h\u00f4tes\u00a0\u00bb.<\/p>\n<p style=\"font-weight: 400;\">Puis suivre les panneaux \u00ab\u00a0Domaine de Poudos\u00a0\u00bb le domaine se situe \u00e0\u00a01 Km\u00a0du village d&rsquo;Auterrive.<\/p>\n<p style=\"font-weight: 400;\"><i>Acc\u00e8s<\/i><em style=\"font-weight: 400;\">\u00a0avec GPS<\/em><\/p>\n<p style=\"font-weight: 400;\"><u>Coordonn\u00e9es<\/u><u style=\"font-weight: 400;\">\u00a0Gps en degr\u00e9 d\u00e9cimaux :<\/u><\/p>\n<p style=\"font-weight: 400;\">\u00a0\u00a0Latitude : 43.59093499\u00a0\u00a0\u00a0\u00a0Longitude\u00a0: 0.6122918999<\/p>\n<p style=\"font-weight: 400;\"><u>Coordonn\u00e9es<\/u><u style=\"font-weight: 400;\">\u00a0Gps en degr\u00e9(\u00b0) Minute(\u2018) seconde(\u2018\u2019)\u00a0:<\/u><\/p>\n<p style=\"font-weight: 400;\">\u00a0\u00a0Latitude\u00a0:\u00a0\u00a043\u00b0\u00a035\u2019\u00a027.366\u2019\u2019\u00a0\u00a0Longitude\u00a0: 0\u00b0\u00a036\u2019\u00a044.25\u2019\u2019<\/p>\n<p style=\"font-weight: 400;\">Sur la plupart des GPS \u00e9crire AUTERIVE pour la ville avec un seul R puis adresse POUDOS. D\u00e9partement GERS.<\/p>\n","protected":false},"excerpt":{"rendered":"<p>Services &amp; Loisirs \u00e0 proximit\u00e9 Tous commerces\u00a03 Km Gare SNCF 8 Km A\u00e9roport Toulouse 80 Km Tennis, \u00e9quitation, golf, p\u00eache, randonn\u00e9es p\u00e9destres et VTT A\u00a0d\u00e9couvrir\u00a0\u00a0\u00a0 Les bastides, les Ch\u00e2teaux et monast\u00e8res du Gers La ville d&rsquo;AUCH ancienne capitale de\u00a0la Gascogne Un peu plus loin les Hautes Pyr\u00e9n\u00e9es, Lourdes, Cauterets, Luchon&#8230;&#8230; Acc\u00e8s Passer par la ville [&hellip;]<\/p>\n","protected":false},"author":1,"featured_media":0,"parent":0,"menu_order":0,"comment_status":"closed","ping_status":"closed","template":"","meta":{"_et_pb_use_builder":"","_et_pb_old_content":"","_et_gb_content_width":"","footnotes":""},"class_list":["post-213","page","type-page","status-publish","hentry"],"_links":{"self":[{"href":"https:\/\/domainedepoudos.fr\/index.php?rest_route=\/wp\/v2\/pages\/213","targetHints":{"allow":["GET"]}}],"collection":[{"href":"https:\/\/domainedepoudos.fr\/index.php?rest_route=\/wp\/v2\/pages"}],"about":[{"href":"https:\/\/domainedepoudos.fr\/index.php?rest_route=\/wp\/v2\/types\/page"}],"author":[{"embeddable":true,"href":"https:\/\/domainedepoudos.fr\/index.php?rest_route=\/wp\/v2\/users\/1"}],"replies":[{"embeddable":true,"href":"https:\/\/domainedepoudos.fr\/index.php?rest_route=%2Fwp%2Fv2%2Fcomments&post=213"}],"version-history":[{"count":1,"href":"https:\/\/domainedepoudos.fr\/index.php?rest_route=\/wp\/v2\/pages\/213\/revisions"}],"predecessor-version":[{"id":214,"href":"https:\/\/domainedepoudos.fr\/index.php?rest_route=\/wp\/v2\/pages\/213\/revisions\/214"}],"wp:attachment":[{"href":"https:\/\/domainedepoudos.fr\/index.php?rest_route=%2Fwp%2Fv2%2Fmedia&parent=213"}],"curies":[{"name":"wp","href":"https:\/\/api.w.org\/{rel}","templated":true}]}}